{"id":821,"date":"2010-08-25T03:46:20","date_gmt":"2010-08-25T03:46:20","guid":{"rendered":"http:\/\/www.farstretchingriver.com\/en\/"},"modified":"2017-10-24T06:48:55","modified_gmt":"2017-10-24T06:48:55","slug":"821-2","status":"publish","type":"page","link":"http:\/\/www.farstretchingriver.com\/en\/821-2\/","title":{"rendered":"The Significance of &#8216;Abdu&#8217;l-Bah\u00e1&#8217;s Journey to the West (continued)"},"content":{"rendered":"<p><\/br><br \/>\nIn order to make the evaluation of the significance of that Prisoner\u2019s visit to Egypt as objective as possible, and to illustrate what the stay of this unique Person among the Egyptians really meant, we must rely on tangible criteria, such as the status of His visitors and hosts, the rank of the leaders who paid Him respect,  their published comments about their impressions after His visit, and the importance the media gave to any news about Him, even after His departure from Egypt.<\/p>\n<p>The most distinguished of the people of prominence who welcomed that eminent Visitor was &#8216;Abb\u00e1s \u1e24ilm\u00ed P\u00e1sh\u00e1 II, the Khedive of Egypt. He received \u2018Abdu\u2019l-Bah\u00e1 more than once in his palace. Later, his brother, Prince Muhammad \u2018Al\u00ed Tawfiq, recorded their encounter in the United States:<\/p>\n<p>\u201cOn the morning of 22 July \u2026 I was informed that the Venerable &#8216;Abb\u00e1s Effendi,<span style=\"font-size: 10px; color: maroon; vertical-align: super;\">1<\/span> the great, oriental man of learning and leader of the Bah\u00e1\u2019\u00eds wanted to meet me. I fixed three o\u2019clock of the same afternoon for His visit\u2026 I welcomed &#8216;Abb\u00e1s Effendi with great honour. His age did not affect His prodigal intelligence. He talked to me for about an hour on very important and varied subjects that revealed His profound knowledge and great experience. He truly is a man of knowledge and a great and stately man of the East\u2026.<\/p>\n<p>&#8220;We, afterwards, returned the visit of &#8216;Abb\u00e1s Effendi, and found His home small but equipped with all means of comfort and good order\u2026 As to His influential talks, they have played an important role in America, and have become the favoured subject of the newspapers, generating numerous comments from religious leaders. In brief, He, by His potency, has reached an envious rank. I stayed with Him a long time in conversing with Him. He delighted me with the sweetness of His speech, and when afterwards I left Him my heart was full of affection and respect for Him.\u201d<span style=\"font-size: 10px; color: maroon; vertical-align: super;\"> 2<\/span><\/p>\n<p>Among the famous Arab leaders of thought who were impressed by \u2018Abdu\u2019l-Bah\u00e1, we find the names such as &#8216;Abb\u00e1s Mahm\u00fad Al-\u2018Aqqad and Bish\u00e1ra Takl\u00e1, as well as the founder of the Al-Mu\u2019ayyid newspaper Shaykh \u2018Al\u00ed Yusif, Prince Shak\u00edb-Arslan, Sal\u00edm Qab\u00edn, Am\u00edn Al-Rihan\u00ed, Jubran Khal\u00edl Jubran, and George Greig. Salient among the Egyptian religious leaders who met Him were Shaykh Muhammad Bakhit, the grand mufti of Egypt, and Shaykh Muhammad Rash\u00edd, the im\u00e1m of the khedive. Many other pashas, \u2018ulamas and journalists also met Him. Had Shaykh Muhammad \u2018Abdu been alive, no doubt he would have been the first to welcome \u2018Abdu\u2019l-Bah\u00e1. They had already met in Beirut, where Muhammad \u2018Abdu expressed his respect and deep reverence for Him, as attested by Prince Shak\u00edb-Arslan: \u201cI never found him more welcoming to anyone as he was to &#8216;Abb\u00e1s Effendi, whom he revered for His knowledge and kindness, His nobility and the sublimity of His character. &#8216;Abb\u00e1s Effendi also treated him with similar respect and feelings.\u201d<span style=\"font-size: 10px; color: maroon; vertical-align: super;\"> 3<\/span><\/p>\n<p>With \u2018Abdu\u2019l-Bah\u00e1\u2019s coming to Egypt, the name of the Bah\u00e1\u2019\u00ed Faith for the first time figured on the front page, and for the first time the newspapers which gave it such prominence associated it with praise, accompanied it by true description and bolstered its status by the undisguised testimony of witnesses\u2014people of authority who acclaimed its high station in the history of religious thinking and who cheered its call for the abolition of prejudice and the unity of mankind, who hailed its promise to bring a peace established on spiritual foundations and the principles of a new religious cycle. For the first time the head and the highest authority of that religion received\u2014in His capacity as head of its institutions\u2014an official tribute from the head of state and the high ranks of society in expression of their high regard for the principles it announced.<\/p>\n<p>Wherever \u2018Abdu\u2019l-Bah\u00e1 went in the West there was no difference: He received the same welcome. Lady Blomfield,<span style=\"font-size: 10px; color: maroon; vertical-align: super;\"> 4<\/span> for example, gives an eyewitness testimony to this fact:<\/p>\n<p>\u201cRemembering those days, our ears are filled with the sound of their footsteps\u2014as they came from every country in the world. Every day, all day long, a constant stream, an interminable procession! Ministers and missionaries, oriental scholars and occult students, practical men of affairs and mystics, Anglicans, Catholics, and Non-conformists, Theosophists and Hindus, Christian Scientists and doctors of medicine, Muslims, Buddhists and Zoroastrians. There also called: politicians, Salvation Army soldiers, and other workers for human good, women suffragists, journalists, writers, poets and healers, dressmakers and great ladies, artists and artisans, poor workless people and prosperous merchants, members of the dramatic and musical world, these all came; and none were too lowly, nor too great, to receive the sympathetic consideration of this holy Messenger, Who was ever giving His life for others\u2019 good.\u201d<span style=\"font-size: 10px; color: maroon; vertical-align: super;\"> 5<\/span><\/p>\n<p>This was but one instance of the welcome reserved for \u2018Abdu\u2019l-Bah\u00e1 in every city He visited.<\/p>\n<p>As to the subjects He treated in His talks with a simplicity and ease of approach that took listeners and readers\u2014Bah\u00e1\u2019\u00eds as well as others\u2014by surprise, and astonished political leaders and leaders of thought by their dissimilarity to the common ideas of that epoch, they presented the distinguishing features of the Bah\u00e1\u2019\u00ed Faith. They mainly revolved around the principles He extracted from the teachings of His Father\u2019s divine message and have since become known as the principles of the Bah\u00e1\u2019\u00ed Faith.<\/p>\n<p>His grandson, Shoghi Effendi, the Guardian of the Bah\u00e1&#8217;\u00ed Faith, has saved us the effort of gathering them and putting them in order:<\/p>\n<p>&#8220;The independent search after truth, unfettered by superstition or tradition; the oneness of the entire human race, the pivotal principle and fundamental doctrine of the Faith; the basic unity of all religions; the condemnation of all forms of prejudice, whether religious, racial, class or national; the harmony which must exist between religion and science; the equality of men and women, the two wings on which the bird of human kind is able to soar; the introduction of compulsory education; the adoption of a universal auxiliary language; the abolition of the extremes of wealth and poverty; the institution of a world tribunal for the adjudication of disputes between nations; the exaltation of work, performed in the spirit of service, to the rank of worship; the glorification of justice as the ruling principle in human society, and of religion as a bulwark for the protection of all peoples and nations; and the establishment of a permanent and universal peace as the supreme goal of all mankind\u2026&#8221;<span style=\"font-size: 10px; color: maroon; vertical-align: super;\"> 6<\/span><\/p>\n<p>These are the most salient and vital components of the divine order \u2018Abdu\u2019l-Bah\u00e1 expounded at length to the public in general and to the leaders in particular during His journey to the West. He, furthermore, described them as \u201cthe spirit of the age\u201d.<span style=\"font-size: 10px; color: maroon; vertical-align: super;\"> 7<\/span> However, He did not confine His talks to the Bah\u00e1\u2019\u00ed teachings, but confirmed and defended the veracity of previous Messages revealed by the Manifestations of God from the past, and explained the close ties that united these religions directly with the Bah\u00e1\u2019\u00ed Faith in one spiritual edifice whose teachings evolve and grow in proportion to the spiritual development and maturity of humanity and its needs.<\/p>\n<p>In truth, the message \u2018Abdu\u2019l-Bah\u00e1 took to the West, as we shall see in the pages of this blog, was a message addressed to all people to draw the attention of each and all, once more, to the new divine Revelation, and to warn them of the approach of perilous wars, capable of devouring Europe, unless the leaders concerned with this continent hasten to take the necessary measures for their avoidance. He emphatically warned His listeners about the great change that inevitably will alter the world, nay, create a new one.<\/p>\n<p>Last but not least, we wish to admit, or rather stress, that it is impossible to evaluate, at present, the significance of such a historic event, which has not yet yielded all its effect; this, future historians alone will be able to befittingly carry out. At present, all we can do is to describe the various aspects of that journey: the people our august Traveller met, the welcome He received, the love He showered upon His visitors, the subjects He expounded, the regret expressed in His presence by some of those involved in the persecution and killing of Bah\u00e1\u2019\u00eds. Of all of these, the visitor to this site will read\u2014gradually, as we follow the stages of this journey.<\/p>\n<p><\/br><br \/><\/br><\/p>\n<div style=\"letter-spacing: 2px;\"><span style=\"color: #9f0e2e; font-family: times; font-size: 16px;\"><strong>Notes<\/strong><\/span><\/div>\n<p>1. Effendi is an old Turkish title of respect, which, in Ottoman Palestine, was reserved for individuals of high rank or eminence.<br \/>\n2. Prince Muhammad \u2018Al\u00ed, <em>Rihlat ila America (A Trip to America),<\/em> p. 414, cited in Mahm\u00fad Zarq\u00e1n\u00ed, <em>Bad\u00e1\u2019i\u2019ul-Athar,<\/em> Volume 1, p. 163.<br \/>\n3. Muhammad Rash\u00edd R\u00edda, <em>Tar\u00edkh Al-Ustaz Al-Im\u00e1m Muhammad \u2018Abdu<\/em> (Cairo, 1931), p. 407.<br \/>\n4. Lady Blomfield, wife of English architect Sir Arthur Blomfield, was a writer and humanitarian. Her compilations (with assistance) of notes of talks given by \u2018Abdu\u2019l-Bah\u00e1 in London and Paris are a cherished legacy. Lady Blomfield served the war injured and assisted in the Geneva Declaration of the Rights of the Child and its adoption by the League of Nations and the establishment of Save the Children Fund, whose activities she continued into old age and the final year of her life.<br \/>\n5. As cited in Shoghi Effendi, <em>God Passes By,<\/em> 2nd printing (Wilmette, Illinois: Bah\u00e1\u2019\u00ed Publishing Trust, 1979), p. 283.<br \/>\n6. Shoghi Effendi, <em>God Passes By,<\/em> pp. 281-82.<br \/>\n7. Ibid.<\/p>\n","protected":false},"excerpt":{"rendered":"<p>In order to make the evaluation of the significance of that Prisoner\u2019s visit to Egypt as objective as possible, and to illustrate what the stay of this unique Person among the Egyptians really meant, we must rely on tangible criteria, such as the status of His visitors and hosts, the rank of the leaders who [&hellip;]<\/p>\n","protected":false},"author":1,"featured_media":0,"parent":0,"menu_order":0,"comment_status":"closed","ping_status":"closed","template":"","meta":{"footnotes":""},"class_list":["post-821","page","type-page","status-publish","hentry"],"_links":{"self":[{"href":"http:\/\/www.farstretchingriver.com\/en\/wp-json\/wp\/v2\/pages\/821","targetHints":{"allow":["GET"]}}],"collection":[{"href":"http:\/\/www.farstretchingriver.com\/en\/wp-json\/wp\/v2\/pages"}],"about":[{"href":"http:\/\/www.farstretchingriver.com\/en\/wp-json\/wp\/v2\/types\/page"}],"author":[{"embeddable":true,"href":"http:\/\/www.farstretchingriver.com\/en\/wp-json\/wp\/v2\/users\/1"}],"replies":[{"embeddable":true,"href":"http:\/\/www.farstretchingriver.com\/en\/wp-json\/wp\/v2\/comments?post=821"}],"version-history":[{"count":22,"href":"http:\/\/www.farstretchingriver.com\/en\/wp-json\/wp\/v2\/pages\/821\/revisions"}],"predecessor-version":[{"id":3045,"href":"http:\/\/www.farstretchingriver.com\/en\/wp-json\/wp\/v2\/pages\/821\/revisions\/3045"}],"wp:attachment":[{"href":"http:\/\/www.farstretchingriver.com\/en\/wp-json\/wp\/v2\/media?parent=821"}],"curies":[{"name":"wp","href":"https:\/\/api.w.org\/{rel}","templated":true}]}}