{"id":735,"date":"2010-08-23T20:34:27","date_gmt":"2010-08-23T20:34:27","guid":{"rendered":"http:\/\/www.farstretchingriver.com\/en\/"},"modified":"2017-10-24T06:50:48","modified_gmt":"2017-10-24T06:50:48","slug":"735-2","status":"publish","type":"page","link":"http:\/\/www.farstretchingriver.com\/en\/735-2\/","title":{"rendered":"The Centenary of the Arrival of &#8216;Abdu&#8217;l-Bah\u00e1 in Egypt (continued)"},"content":{"rendered":"<p><\/br><br \/>\nDespite this fact, a few well-placed individuals voiced their opposition to the visit of \u2018Abdu\u2019l-Bah\u00e1. Rumours circulating in certain social groups concerning the motive of His unexpected visit lay athwart, however, of the dignified report written by the chief editor of Al-Mu&#8217;ayyid, the able Shaykh \u2018Al\u00ed Yusif, who welcomed the august Visitor to Egypt and extolled His knowledge.<\/p>\n<p>\u201cThe Learned &#8216;Abb\u00e1s Effendi, the authoritative leader of the Bah\u00e1\u2019\u00ed Faith, arrived in Alexandria from the city of \u2018Akk\u00e1. He stayed a few days in Victoria Hotel in Ramleh, and then transferred to his residence in \u2018the Chutes.\u2019 He is a learned and venerable gentleman of about seventy years with vast knowledge in all aspects of the Muslim religion, its history and ideological movements (doctrines). Although he has been living in \u2018Akk\u00e1, his followers number in the millions, and are scattered throughout Persia, India, Europe and America. His followers maintain a very high regard for him\u2014to the point that his opponents have alleged they worship him. In fact, whoever visits him realizes the greatness of his knowledge and finds in him an eloquent speaker who captures the souls of his listeners. He proclaims the unity of mankind, and all his teachings revolve around the elimination of all prejudices, religious, racial, national or for any other reason.\u201d<\/p>\n<p>Shaykh Yusif then indicates that he twice went to see \u2018Abdu\u2019l-Bah\u00e1, and in these interviews learned that his coming had absolutely no political motive, for \u201che \u2018does not interfere in political matters;\u2019 his \u2018stay in Egypt is for health reasons.\u2019\u201d The news report concludes with a warm reiteration of welcome to the learned and wise Visitor, and wishes Him a happy stay and recovery of good health.<\/p>\n<p>It is certain that Egyptian readers of Al-Ahram, or those of the Al-Mu&#8217;ayyid article, had no previous knowledge that \u2018Abdu\u2019l-Bah\u00e1 had spent sixty years of His life in exile, solely because of His Father\u2019s proclamation of Divine Revelation; that He had been transferred from one place to another until He ended, in 1868, in the prison city of \u2018Akk\u00e1; that He had been the wronged captive of three despots of the Eastern World: the Qajar shah of Persia and the two sultans \u2018Abdu\u2019l-Az\u00edz and \u2018Abdu\u2019l-Ham\u00edd II of the Ottoman Empire; that they had deprived Him, from childhood, of any formal education\u2014all His knowledge had been received from His august Father; and that they had, after the prosperity and dignified living He had known as an infant, imposed on Him a life of deprivation and years of captivity and abasement. By 1908, when the dethroning of \u2018Abdu\u2019l-Ham\u00edd II and the declaration of the constitution by the Young Turks movement freed Him, \u2018Abdu\u2019l-Bah\u00e1 had spent forty years behind the walls of \u2018Akk\u00e1. Its poor sanitary conditions and humid weather, and the extremely harsh treatment to which He was subject throughout His life, as well as His dire cares, had worn away His health.<\/p>\n<p>With the acquisition of freedom, the way was opened for the world to become acquainted with His wisdom and knowledge\u2014He was a lamp in a temple of guidance, an expounder of the divine word, an exemplar of heavenly virtues. It was the hour for the people of the world in the East and the West to listen to the voice of love rising from a new horizon of divine guidance, but to the extent that the remaining years of His life, now close to seventy, allowed. Believers and leaders of thought both in America and Europe beseeched Him to come. At last, when a measure of strength was regained, He was able to respond, and in a series of journeys to a number of western countries He spread the seeds of unity and concord\u2014the new Divine Message His Father had revealed. \u2018Abdu\u2019l-Bah\u00e1 was the personification of the virtues of this Message intended to transform mankind and for which He was, in word and deed, the perfect exemplar.<\/p>\n<p>Many Egyptian writers, journalists, leaders of thoughts and high officials took advantage of \u2018Abdu\u2019l-Bah\u00e1\u2019s short stays in Egypt to visit him privately and listen to Him, because He did not give any public talks in that country. The little the Egyptian press published about Him or about His talks given in other countries was, however, rich enough to be considered by historians and writers as a public proclamation of the Bah\u00e1\u2019\u00ed Faith, which in those days was referred to also as the B\u00e1b\u00ed Faith. The Al-Ahram issue of 19 January 1911 gives an interesting account of such visits: \u201cHis reverence Abbas Effendi, the head of the B\u00e1b\u00ed Faith, is still visiting and being visited, with much veneration, by senior officials and high ranking individuals. He is the son of Bah\u00e1&#8217;u&#8217;ll\u00e1h, and His successor, and a descendant of a noble Persian lineage. Kindness and love to all regardless of social rank or religious affiliation are His distinguishing attributes for He looks at the unifying force latent in the humanity of all people and not at their diverse beliefs or worldly conditions.&#8221;<\/p>\n<p>\u2018Abdu\u2019l-Bah\u00e1 was not planning to stay on Egyptian soil. When He embarked from Port Said His destination was Marseilles. But as soon the ship sailed, He discovered that the weak state of His health could not bear the trip; He was obliged to disembark in Alexandria, and thus remained some months more in Egypt, resting and regaining strength, after which, despite continued bodily weakness, He began a journey that would, over a period of three years, take Him to France, Switzerland, United Kingdom, Germany, the Balkan region, Austria, the United States and Canada. His sojourn in Egypt allowed Him to visit the localities of Ab\u00fak\u00edr, the suburb of Al-Zayt\u00fan, as well as the cities of Cairo, Mans\u00fara, Port Said and Ism\u00e1\u2019\u00edl\u00edyya.<\/p>\n<p>The reasons for this arduous journey, undertaken with so much risk to His life and when traveling conditions were still lacking basic elements of comfort and safety, as well as its results, will unfold in a number of articles that the visitor will find published on this website as our description of these travels progresses. We can nevertheless here reveal that these travels were the occasion for the West to hear a voice rising from the East calling the people of the world to establish the unity of all humankind and to lay it on the foundation of lofty principles\u2014true faithfulness, justice and international solidarity. This call, which echoed in temples, mosques, churches and university campuses, also warned of the approach of a ruinous war, which, unless there were a radical change in the thinking of the leaders of the world, would devastate Europe.<\/p>\n<p>Shoghi Effendi, the grandson of \u2018Abdu\u2019l-Bah\u00e1 and the Guardian of the Bah\u00e1\u2019\u00ed Faith succinctly summarized the immediate motive of this journey and its outcome: \u201cThe establishment of the Faith of Bah\u00e1&#8217;u&#8217;ll\u00e1h in the Western Hemisphere had set in motion such tremendous forces, and been productive of such far-reaching results, as to warrant the active and personal participation of the Center of the Covenant Himself in those epoch-making activities which His Western disciples had, through the propelling power of that Covenant, boldly initiated and were vigorously prosecuting.\u201d<span style=\"font-size: 10px; color: maroon; vertical-align: super;\"> 1<\/span><\/p>\n<p>Although the primary motive of the journey was to consolidate the efforts of the Bah\u00e1&#8217;\u00eds in the West, the results of \u2018Abdu\u2019l-Bah\u00e1\u2019s participation surpassed by far the meaning of consolidation. His talks and interviews opened an ideological and intellectual horizon unprecedented in the history of religion, a horizon different too from any vista offered in any theses advanced by leaders of thought. To venture to understand this and bring it to remembrance is the object this website is attempting to participate in, as we commemorate the first centenary of the historic travels undertaken by \u2018Abdu\u2019l-Bah\u00e1 to the West.<\/p>\n<p><\/br><br \/>\n<br \/><\/br><\/p>\n<div style=\"letter-spacing: 2px;\"><span style=\"color: #9f0e2e; font-family: times; font-size: 16px;\"><strong>Notes<\/strong><\/span><\/div>\n<p>1. Shoghi Effendi, <em>God Passes By,<\/em> 2nd printing (Wilmette, Illinois: Bah\u00e1\u2019\u00ed Publishing Trust, 1979), p. 279.<\/p>\n","protected":false},"excerpt":{"rendered":"<p>Despite this fact, a few well-placed individuals voiced their opposition to the visit of \u2018Abdu\u2019l-Bah\u00e1. Rumours circulating in certain social groups concerning the motive of His unexpected visit lay athwart, however, of the dignified report written by the chief editor of Al-Mu&#8217;ayyid, the able Shaykh \u2018Al\u00ed Yusif, who welcomed the august Visitor to Egypt and [&hellip;]<\/p>\n","protected":false},"author":1,"featured_media":0,"parent":0,"menu_order":0,"comment_status":"closed","ping_status":"closed","template":"","meta":{"footnotes":""},"class_list":["post-735","page","type-page","status-publish","hentry"],"_links":{"self":[{"href":"http:\/\/www.farstretchingriver.com\/en\/wp-json\/wp\/v2\/pages\/735","targetHints":{"allow":["GET"]}}],"collection":[{"href":"http:\/\/www.farstretchingriver.com\/en\/wp-json\/wp\/v2\/pages"}],"about":[{"href":"http:\/\/www.farstretchingriver.com\/en\/wp-json\/wp\/v2\/types\/page"}],"author":[{"embeddable":true,"href":"http:\/\/www.farstretchingriver.com\/en\/wp-json\/wp\/v2\/users\/1"}],"replies":[{"embeddable":true,"href":"http:\/\/www.farstretchingriver.com\/en\/wp-json\/wp\/v2\/comments?post=735"}],"version-history":[{"count":21,"href":"http:\/\/www.farstretchingriver.com\/en\/wp-json\/wp\/v2\/pages\/735\/revisions"}],"predecessor-version":[{"id":3050,"href":"http:\/\/www.farstretchingriver.com\/en\/wp-json\/wp\/v2\/pages\/735\/revisions\/3050"}],"wp:attachment":[{"href":"http:\/\/www.farstretchingriver.com\/en\/wp-json\/wp\/v2\/media?parent=735"}],"curies":[{"name":"wp","href":"https:\/\/api.w.org\/{rel}","templated":true}]}}