{"id":267,"date":"2010-06-30T20:53:26","date_gmt":"2010-06-30T20:53:26","guid":{"rendered":"http:\/\/www.farstretchingriver.com\/en\/"},"modified":"2017-10-24T06:45:54","modified_gmt":"2017-10-24T06:45:54","slug":"about-us","status":"publish","type":"page","link":"http:\/\/www.farstretchingriver.com\/en\/about-us\/","title":{"rendered":"About this site"},"content":{"rendered":"<p><\/br><\/p>\n<p><\/br><br \/><\/br>This is a site of a small family. Empathy is its spirit, and the subject is \u201cThe Far-Stretching River\u201d that since the beginning that has no beginning to the end that has no end overflows from time to time with its life-giving waters to renew the earth and bring out of the dead life.<\/p>\n<p>In short, this is a personal site. It carries a message of love to all; truth is its aim; and we deserve no dues nor merit any thanks. Everything expressed on it is merely an individual viewpoint.<br \/><\/br><br \/><\/br><\/p>\n<p><span style=\"color: #9f0e2e; font-family: times; font-size: 17px\"><strong>Quotations<\/strong><\/span> The changing quotations on the main page are all from the Writings of Bah\u00e1&#8217;u&#8217;ll\u00e1h, the Founder of the Bah\u00e1&#8217;\u00ed Faith. The sources of the current quotes are noted below.<br \/>\n<br \/><\/br><\/p>\n<p>This site is composed of five sections, namely:<br \/><\/br><br \/><\/br><\/p>\n<p>1.  <span style=\"color: #9f0e2e; font-family: times; font-size: 17px\"><strong>The Centenary of \u2018Abdu\u2019l-Bah\u00e1\u2019s Visit to the West<\/strong><\/span> This section follows \u2018Abdu\u2019l-Bah\u00e1 in various stages of His momentous journey to Europe and North America. It begins with His arrival in Egypt and His residence there, and includes His talks issued abroad in Arabic and published in the Egyptian press.<br \/><\/br><br \/><\/br><\/p>\n<p>2.  <span style=\"color: #9f0e2e; font-family: times; font-size: 17px\"><strong>The Baha\u2019i Faith<\/strong><\/span> This section presents a concise explanation of some principles we believe are necessary for the happiness and prosperity of mankind.<br \/><\/br><br \/><\/br><\/p>\n<p>3.  <span style=\"color: #9f0e2e; font-family: times; font-size: 17px\"><strong>What Was Written<\/strong><\/span> This section contains news items and commentaries that were published at different times and in different places. Recalling them may explain the pain and confusion the world is going through\u2014we ignored so many of their wise suggestions, as well as their warnings. If we take a more thoughtful look at them we can still save what is left and protect our children from the threats now darkening the horizon. <br \/><\/br><br \/><\/br><\/p>\n<p>4.  <span style=\"color: #9f0e2e; font-family: times; font-size: 17px\"><strong>From The Past<\/strong><\/span> This part is a selection of events lived by Bah\u00e1&#8217;\u00eds, and contains lessons that deserve pondering, both now and for future generations.<br \/><\/br><br \/><\/br><\/p>\n<p>5.  <span style=\"color: #9f0e2e; font-family: times; font-size: 17px\"><strong>Between Two Worlds<\/strong><\/span> This contains an analysis of the change which took place in the 19th century and which gave us a new world\u2014quite different from that of our ancestors. We have included this subject because of the view that adaptation to the new age requires an understanding of its significance.<br \/>\n<br \/><\/br><\/p>\n<div style=\"text-align: right;\">September 1st, 2010<\/p>\n<div>\n<p><\/br><br \/><\/br><br \/><\/br><br \/><\/br><\/p>\n<p>Sources of current quotes: The Ishr\u00e1q\u00e1t, the 9th Ishr\u00e1q, Tablets of Baha\u2019u\u2019llah Revealed After the Kit\u00e1b-i-Aqdas, (Wilmette, Illinois: Bah\u00e1\u2019\u00ed Publishing Trust, 1988), page 130, and Gleanings From the Writings of Bah\u00e1&#8217;u&#8217;ll\u00e1h (Wilmette, Illinois: Bah\u00e1\u2019\u00ed Publishing Trust, 1990),  no. XXX (30), page 74, no. CLXIV (164), page 342, no. CXXXIX (139), page 305, no. CXLIII (143), page 313, no. CXLVI (146), page 315.<br \/><\/br><br \/><\/br><\/p>\n","protected":false},"excerpt":{"rendered":"<p>This is a site of a small family. Empathy is its spirit, and the subject is \u201cThe Far-Stretching River\u201d that since the beginning that has no beginning to the end that has no end overflows from time to time with its life-giving waters to renew the earth and bring out of the dead life. In [&hellip;]<\/p>\n","protected":false},"author":1,"featured_media":0,"parent":0,"menu_order":0,"comment_status":"closed","ping_status":"closed","template":"","meta":{"footnotes":""},"class_list":["post-267","page","type-page","status-publish","hentry"],"_links":{"self":[{"href":"http:\/\/www.farstretchingriver.com\/en\/wp-json\/wp\/v2\/pages\/267","targetHints":{"allow":["GET"]}}],"collection":[{"href":"http:\/\/www.farstretchingriver.com\/en\/wp-json\/wp\/v2\/pages"}],"about":[{"href":"http:\/\/www.farstretchingriver.com\/en\/wp-json\/wp\/v2\/types\/page"}],"author":[{"embeddable":true,"href":"http:\/\/www.farstretchingriver.com\/en\/wp-json\/wp\/v2\/users\/1"}],"replies":[{"embeddable":true,"href":"http:\/\/www.farstretchingriver.com\/en\/wp-json\/wp\/v2\/comments?post=267"}],"version-history":[{"count":25,"href":"http:\/\/www.farstretchingriver.com\/en\/wp-json\/wp\/v2\/pages\/267\/revisions"}],"predecessor-version":[{"id":3038,"href":"http:\/\/www.farstretchingriver.com\/en\/wp-json\/wp\/v2\/pages\/267\/revisions\/3038"}],"wp:attachment":[{"href":"http:\/\/www.farstretchingriver.com\/en\/wp-json\/wp\/v2\/media?parent=267"}],"curies":[{"name":"wp","href":"https:\/\/api.w.org\/{rel}","templated":true}]}}