{"id":174,"date":"2010-06-14T01:13:31","date_gmt":"2010-06-14T01:13:31","guid":{"rendered":"http:\/\/www.farstretchingriver.com\/en\/?page_id=174"},"modified":"2012-06-22T05:01:54","modified_gmt":"2012-06-22T05:01:54","slug":"what-was-written","status":"publish","type":"page","link":"http:\/\/www.farstretchingriver.com\/en\/what-was-written\/","title":{"rendered":"What Was Written"},"content":{"rendered":"<div style=\"text-align: right;\"><span style=\"color: #e0831e; font-size: 13px;\">Book reviews<\/span><\/p>\n<div style=\"text-align: right;\"><span style=\"color: #e0831e; font-size: 13px;\">Documents between 1910 and 1913<\/span><\/div>\n<p><\/br><\/p>\n<div><span><span style=\"color: #e0831e; font-family: times; font-size: 17px;\"><strong>A Commentary on the Azhar&#8217;s Statement Regarding &#8216;Bah\u00e1&#8217;\u00eds and Bah\u00e1&#8217;\u00edsm&#8217;<\/strong><\/span><\/p>\n<div><\/div>\n<div style=\"text-align: justify;\">The Islamic Research Academy at the Azhar University recently issued a statement about Bah\u00e1&#8217;\u00eds and Bah\u00e1&#8217;\u00edsm which was published in a number of newspapers in Egypt and other Arab countries on 21 January 1986. The statement was, in effect, a denunciation of the Bah\u00e1&#8217;\u00ed Faith, which it described as a &#8216;false creed&#8217;.<\/div>\n<div style=\"text-align: justify;\">The reasoning followed by the Research Academy in arriving at its conclusion of the &#8216;falsity&#8217; of the Bah\u00e1&#8217;\u00ed Faith may be resolved into two basic trains of argument. The first line of argument is that it must be false since it is at variance with Islam in denying the Day of Judgement, the Resurrection, Heaven and Hell; in repudiating the Prophet Muhammad&#8217;s station as the &#8216;Seal of the Prophets&#8217;; in claiming that God became incarnate in the person of Bah\u00e1&#8217;u&#8217;ll\u00e1h; and in altering the forms of worship ordained by Islam. The second line of argument seeks to demonstrate the falsity of the Bah\u00e1&#8217;\u00ed Faith by showing the opposition that it has encountered from Islamic society, whether this has taken the form of condemnatory religious and judicial pronouncements, of legal decisions adjudicating it to be a form of &#8216;apostasy&#8217;, or of the persecution of its followers through campaigns of execution and torture, as has been happening in Iran. The Research Academy winds up its case by urging the legislative, judicial, and executive powers of government in Egypt to &#8216;extirpate&#8217; from the country a small and disadvantaged group of peaceable citizens, for no other reason than that they call themselves Bah\u00e1&#8217;\u00eds.<\/div>\n<p>It was obvious from the profuse amount of erroneous information contained in the Research Academy&#8217;s statement that it had placed its reliance on sources hostile to the Bah\u00e1&#8217;\u00eds, sources that purvey to the public scurrilous misrepresentations of the Bah\u00e1&#8217;\u00ed Faith that are as offensive to them as they must be to any Muslim. In consequence, the findings arrived at by the Research Academy stand in striking contrast to the true facts of the case, which could quite easily have been ascertained standard Bah\u00e1&#8217;\u00ed source books or to the beliefs actually held by the Bah\u00e1&#8217;\u00eds. Our concern to make available to students of religion some basic information about the Bah\u00e1&#8217;\u00ed Faith, and an outline of its principles and teachings, was the chief consideration prompting the writing of this commentary. Our hope is that it may go some way towards dispelling the accumulated falsehoods and fictions that have obscured the true face of this Faith \u2013 a Faith which has been extolled by many eminent thinkers from both East and West, who have familiarised themselves with its beliefs, the spirituality of its teachings and the loftiness of its vision.<\/p>\n<div style=\"letter-spacing: 2px;\"><span style=\"color: #9f0e2e; font-family: times; font-size: 16px;\"><strong>The Belief of the Bah\u00e1&#8217;\u00eds in the Qur&#8217;\u00e1n<\/strong><\/span><\/div>\n<p>The Bah\u00e1&#8217;\u00ed believe in all the divine verses contained in the Book of the &#8216;Wise Remembrance&#8217; whether these relate to the question of the &#8216;Seal of the Prophets&#8217; or to such matters as the Day of Judgement, the Resurrection, the Afterlife, Heaven and Hell. Bah\u00e1&#8217;\u00eds, however, do not regard themselves as bound to follow the interpretations assigned to these verses by the scholars of former ages (particularly where the meaning is not clearly apparent), except in cases where such interpretations are fully in accordance with reason. The distinction between Text and interpretation is so clear that it would be superfluous for us to elaborate upon it here in detail: the one is the revealed Word of God, while the other is the production of His fallible creatures. The reason why we believe that our forefathers&#8217; interpretations of the Holy Text cannot be accepted en masse without any discrimination on our part is that they suffer from certain limitations. Broadly speaking there have been two main schools of exegesis: the vast majority of Qur&#8217;\u00e1nic exegetes placed exclusive reliance on the linguistic signification and outward meaning of the verses they were engaged in expounding, and their interpretative efforts are therefore marked by strict adherence to a literalistic understanding of the text. (Needless to say, were the meanings of the Qur&#8217;\u00e1n really to be confined to these outward significations, it could hardly be said to contain those &#8216;figurative&#8217; verses, of which, together with the &#8216;perspicuous&#8217; verses, it is, by the Academy had it referred either to the its own testimony, composed.)[2] The other school of exegesis overlooked the outward sense of the words and placed such emphasis on their inner meanings that they sometimes assigned to the scripture interpretations which it could not, under any construction, be made to bear. The Bah\u00e1&#8217;\u00eds regard these two different approaches as each, in its own way, unbalanced. The Bah\u00e1&#8217; \u00ed approach to the interpretation of the Qur&#8217;\u00e1n is marked by its moderation, and by its blending of elements from both schools of exegesis, without accepting unreservedly the premises of either. On this basis, the Bah\u00e1&#8217;\u00eds have been able to develop an understanding of the Holy Text which they consider to be at once deeper and more balanced than that expounded by the exegetes, and more in harmony with the exigencies of sound logic and the findings of modem science; and that takes full account of the rich profusion of hidden meanings contained in the metaphors, similes and allusions with which the verses of all the Holy Books abound.<\/p>\n<\/div>\n<div style=\"text-align: right;\"><a style=\"text-decoration: none;\" href=\"http:\/\/www.farstretchingriver.com\/en\/722-2\/\"><span style=\"color: #6187b4; font-family: times; font-size: 13px;\">Read more<\/span><\/a><\/div>\n<div style=\"border: 1px solid #9a9065; margin: 12px 13px 6px 1px; padding: 2px 4px 3px 14px; height: 150px; width: 40%;\">\n<div style=\"letter-spacing: 2px;\"><span style=\"color: #9a9065; font-family: times; font-size: 13px;\"><br \/>\n&#8220;The truth of the matter is that the Bah\u00e1&#8217;\u00eds are proponents neither of the &#8216;inward&#8217; nor the &#8216;outward&#8217; exegesis of the Qur&#8217;\u00e1n;<br \/>\nor to put it another way, they are proponents of both these schools.&#8221;<\/span><\/div>\n<\/div>\n<div style=\"border: 1px solid #9a9065; margin: 12px 13px 6px 1px; padding: 2px 1px 3px 14px; float: right; height: 140px; width: 40%;\">\n<div style=\"letter-spacing: 2px;\"><span style=\"color: #9a9065; font-family: times; font-size: 13px;\">This translation was published eight years after the issuance of the original Arabic in<span><strong> The Bah\u00e1&#8217;\u00ed World:  An International Record,<\/strong><\/span><br \/>\n<span style=\"color: #9a9065; font-family: times; font-size: 12px;\">Volume XIX, 1983-1986, prepared under the supervision of The Universal House of Justice, 1994, pages 288-96.<\/span><\/span><\/div>\n","protected":false},"excerpt":{"rendered":"<p>Book reviews Documents between 1910 and 1913 A Commentary on the Azhar&#8217;s Statement Regarding &#8216;Bah\u00e1&#8217;\u00eds and Bah\u00e1&#8217;\u00edsm&#8217; The Islamic Research Academy at the Azhar University recently issued a statement about Bah\u00e1&#8217;\u00eds and Bah\u00e1&#8217;\u00edsm which was published in a number of newspapers in Egypt and other Arab countries on 21 January 1986. The statement was, in [&hellip;]<\/p>\n","protected":false},"author":1,"featured_media":0,"parent":0,"menu_order":0,"comment_status":"closed","ping_status":"closed","template":"","meta":{"footnotes":""},"class_list":["post-174","page","type-page","status-publish","hentry"],"_links":{"self":[{"href":"http:\/\/www.farstretchingriver.com\/en\/wp-json\/wp\/v2\/pages\/174","targetHints":{"allow":["GET"]}}],"collection":[{"href":"http:\/\/www.farstretchingriver.com\/en\/wp-json\/wp\/v2\/pages"}],"about":[{"href":"http:\/\/www.farstretchingriver.com\/en\/wp-json\/wp\/v2\/types\/page"}],"author":[{"embeddable":true,"href":"http:\/\/www.farstretchingriver.com\/en\/wp-json\/wp\/v2\/users\/1"}],"replies":[{"embeddable":true,"href":"http:\/\/www.farstretchingriver.com\/en\/wp-json\/wp\/v2\/comments?post=174"}],"version-history":[{"count":33,"href":"http:\/\/www.farstretchingriver.com\/en\/wp-json\/wp\/v2\/pages\/174\/revisions"}],"predecessor-version":[{"id":178,"href":"http:\/\/www.farstretchingriver.com\/en\/wp-json\/wp\/v2\/pages\/174\/revisions\/178"}],"wp:attachment":[{"href":"http:\/\/www.farstretchingriver.com\/en\/wp-json\/wp\/v2\/media?parent=174"}],"curies":[{"name":"wp","href":"https:\/\/api.w.org\/{rel}","templated":true}]}}